{"id":10,"date":"2024-07-03T21:36:11","date_gmt":"2024-07-03T21:36:11","guid":{"rendered":"https:\/\/nexameridian.com\/?page_id=10"},"modified":"2025-02-18T17:25:28","modified_gmt":"2025-02-18T17:25:28","slug":"index","status":"publish","type":"page","link":"https:\/\/nexameridian.com\/es\/","title":{"rendered":"\u00cdndice"},"content":{"rendered":"<section class=\"section hide-for-small\" id=\"section_1118107015\">\n\t\t<div class=\"section-bg fill\" >\n\t\t\t\n\t\t\t\n\t\t\t\n\t\t\t\n\n\t\t<\/div>\n\n\t\t\n\n\t\t<div class=\"section-content relative\">\n\t\t\t\n\n<div class=\"slider-wrapper relative\" id=\"slider-143719179\" >\n    <div class=\"slider slider-nav-circle slider-nav-large slider-nav-light slider-style-normal\"\n        data-flickity-options='{            \"cellAlign\": \"center\",            \"imagesLoaded\": true,            \"lazyLoad\": 1,            \"freeScroll\": false,            \"wrapAround\": true,            \"autoPlay\": 6000,            \"pauseAutoPlayOnHover\" : true,            \"prevNextButtons\": true,            \"contain\" : true,            \"adaptiveHeight\" : true,            \"dragThreshold\" : 10,            \"percentPosition\": true,            \"pageDots\": true,            \"rightToLeft\": false,            \"draggable\": true,            \"selectedAttraction\": 0.1,            \"parallax\" : 0,            \"friction\": 0.6        }'\n        >\n        \n\n\n\t<section class=\"section hide-for-small has-parallax\" id=\"section_481306835\">\n\t\t<div class=\"section-bg fill\" data-parallax-container=\".section\" data-parallax-background data-parallax=\"-7\">\n\t\t\t<img loading=\"lazy\" decoding=\"async\" width=\"1920\" height=\"1200\" src=\"https:\/\/nexameridian.com\/wp-content\/uploads\/2025\/02\/11.webp\" class=\"bg\" alt=\"\" srcset=\"https:\/\/nexameridian.com\/wp-content\/uploads\/2025\/02\/11.webp 1920w, https:\/\/nexameridian.com\/wp-content\/uploads\/2025\/02\/11-300x188.webp 300w, https:\/\/nexameridian.com\/wp-content\/uploads\/2025\/02\/11-1024x640.webp 1024w, https:\/\/nexameridian.com\/wp-content\/uploads\/2025\/02\/11-768x480.webp 768w, https:\/\/nexameridian.com\/wp-content\/uploads\/2025\/02\/11-1536x960.webp 1536w\" sizes=\"auto, (max-width: 1920px) 100vw, 1920px\" \/>\n\t\t\t\n\t\t\t<div class=\"section-bg-overlay absolute fill\"><\/div>\n\t\t\t\n\n\t\t<\/div>\n\n\t\t\n\n\t\t<div class=\"section-content relative\">\n\t\t\t\n\n<div class=\"row row-full-width align-middle align-center\"  id=\"row-1023486710\">\n\n\n\t<div id=\"col-1180812764\" class=\"col medium-5 small-12 large-5\"  data-animate=\"fadeInLeft\">\n\t\t\t\t<div class=\"col-inner text-center dark\"  >\n\t\t\t\n\t\t\t\n\n\t<div id=\"text-2749592770\" class=\"text\">\n\t\t\n\n<h1 class=\"uppercase\">Explore<\/h1>\n\t\t\n<style>\n#text-2749592770 {\n  font-size: 1.9rem;\n  text-align: center;\n}\n<\/style>\n\t<\/div>\n\t\n\n\t\t<\/div>\n\t\t\t\t\t<\/div>\n\n\t\n\n\t<div id=\"col-1905524532\" class=\"col medium-2 small-12 large-2\"  >\n\t\t\t\t<div class=\"col-inner text-center\"  >\n\t\t\t\n\t\t\t\n\n<a href=\"https:\/\/nexameridian.com\/es\/services\/\" class=\"button primary\"  >\n\t\t<span>M\u00e1s informaci\u00f3n<\/span>\n\t<\/a>\n\n\n\n\t\t<\/div>\n\t\t\t\t\t<\/div>\n\n\t\n\n\t<div id=\"col-2074759749\" class=\"col medium-5 large-5\"  data-animate=\"fadeInRight\">\n\t\t\t\t<div class=\"col-inner dark\"  >\n\t\t\t\n\t\t\t\n\n\t<div id=\"text-3544270566\" class=\"text\">\n\t\t\n\n<h1 class=\"uppercase\">Oportunidades<\/h1>\n\t\t\n<style>\n#text-3544270566 {\n  font-size: 1.9rem;\n  text-align: center;\n}\n<\/style>\n\t<\/div>\n\t\n\n\t\t<\/div>\n\t\t\t\t\t<\/div>\n\n\t\n\n<\/div>\n\n\t\t<\/div>\n\n\t\t\n<style>\n#section_481306835 {\n  padding-top: 0px;\n  padding-bottom: 0px;\n  min-height: 600px;\n}\n#section_481306835 .section-bg-overlay {\n  background-color: rgba(0, 0, 0, 0.157);\n}\n#section_481306835 .bg {\n  object-position: 45% 64%;\n}\n<\/style>\n\t<\/section>\n\t\n\n  <div class=\"banner has-hover has-parallax\" id=\"banner-34536237\">\n          <div class=\"banner-inner fill\">\n        <div class=\"banner-bg fill\" data-parallax=\"-5\" data-parallax-container=\".banner\" data-parallax-background>\n\t\t\t<img loading=\"lazy\" decoding=\"async\" width=\"1920\" height=\"1440\" src=\"https:\/\/nexameridian.com\/wp-content\/uploads\/2025\/02\/13.webp\" class=\"bg\" alt=\"\" srcset=\"https:\/\/nexameridian.com\/wp-content\/uploads\/2025\/02\/13.webp 1920w, https:\/\/nexameridian.com\/wp-content\/uploads\/2025\/02\/13-300x225.webp 300w, https:\/\/nexameridian.com\/wp-content\/uploads\/2025\/02\/13-1024x768.webp 1024w, https:\/\/nexameridian.com\/wp-content\/uploads\/2025\/02\/13-768x576.webp 768w, https:\/\/nexameridian.com\/wp-content\/uploads\/2025\/02\/13-1536x1152.webp 1536w\" sizes=\"auto, (max-width: 1920px) 100vw, 1920px\" \/>                        <div class=\"overlay\"><\/div>            \n                    <\/div>\n\t\t\n        <div class=\"banner-layers container\">\n            <div class=\"fill banner-link\"><\/div>            \n\n   <div id=\"text-box-1430617209\" class=\"text-box banner-layer x50 md-x50 lg-x50 y50 md-y50 lg-y50 res-text\">\n                                <div class=\"text-box-content text dark\">\n              \n              <div class=\"text-inner text-center\">\n                  \n\n<h4 class=\"uppercase\">Impulsar la inversi\u00f3n internacional en Argelia<\/h4>\n\n              <\/div>\n           <\/div>\n                            \n<style>\n#text-box-1430617209 {\n  width: 60%;\n}\n#text-box-1430617209 .text-box-content {\n  font-size: 100%;\n}\n<\/style>\n    <\/div>\n \n\n        <\/div>\n      <\/div>\n\n            \n<style>\n#banner-34536237 {\n  padding-top: 600px;\n  background-color: rgba(0, 0, 0, 0);\n}\n#banner-34536237 .overlay {\n  background-color: rgba(0, 0, 0, 0.076);\n}\n#banner-34536237 .bg {\n  object-position: 50% 40%;\n}\n<\/style>\n  <\/div>\n\n\n\n  <div class=\"banner has-hover has-parallax\" id=\"banner-2111800482\">\n          <div class=\"banner-inner fill\">\n        <div class=\"banner-bg fill\" data-parallax=\"-5\" data-parallax-container=\".banner\" data-parallax-background>\n\t\t\t<img loading=\"lazy\" decoding=\"async\" width=\"1920\" height=\"1080\" src=\"https:\/\/nexameridian.com\/wp-content\/uploads\/2025\/02\/16-1.webp\" class=\"bg\" alt=\"\" srcset=\"https:\/\/nexameridian.com\/wp-content\/uploads\/2025\/02\/16-1.webp 1920w, https:\/\/nexameridian.com\/wp-content\/uploads\/2025\/02\/16-1-300x169.webp 300w, https:\/\/nexameridian.com\/wp-content\/uploads\/2025\/02\/16-1-1024x576.webp 1024w, https:\/\/nexameridian.com\/wp-content\/uploads\/2025\/02\/16-1-768x432.webp 768w, https:\/\/nexameridian.com\/wp-content\/uploads\/2025\/02\/16-1-1536x864.webp 1536w\" sizes=\"auto, (max-width: 1920px) 100vw, 1920px\" \/>                        <div class=\"overlay\"><\/div>            \n                    <\/div>\n\t\t\n        <div class=\"banner-layers container\">\n            <div class=\"fill banner-link\"><\/div>            \n\n   <div id=\"text-box-688055487\" class=\"text-box banner-layer x50 md-x50 lg-x50 y50 md-y50 lg-y50 res-text\">\n                                <div class=\"text-box-content text dark\">\n              \n              <div class=\"text-inner text-center\">\n                  \n\n<h4 class=\"uppercase\">Su socio de confianza para el crecimiento estrat\u00e9gico y el desarrollo sostenible<\/h4>\n\n              <\/div>\n           <\/div>\n                            \n<style>\n#text-box-688055487 {\n  width: 60%;\n}\n#text-box-688055487 .text-box-content {\n  font-size: 100%;\n}\n<\/style>\n    <\/div>\n \n\n        <\/div>\n      <\/div>\n\n            \n<style>\n#banner-2111800482 {\n  padding-top: 600px;\n}\n#banner-2111800482 .overlay {\n  background-color: rgba(0, 0, 0, 0.128);\n}\n#banner-2111800482 .bg {\n  object-position: 50% 40%;\n}\n<\/style>\n  <\/div>\n\n\n\n     <\/div>\n\n     <div class=\"loading-spin dark large centered\"><\/div>\n\n\t<\/div>\n\n\n\n\t\t<\/div>\n\n\t\t\n<style>\n#section_1118107015 {\n  padding-top: 0px;\n  padding-bottom: 0px;\n}\n<\/style>\n\t<\/section>\n\t\n\n\t<section class=\"section\" id=\"section_915462995\">\n\t\t<div class=\"section-bg fill\" >\n\t\t\t\n\t\t\t\n\t\t\t\n\t\t\t\n\n\t\t<\/div>\n\n\t\t\n\n\t\t<div class=\"section-content relative\">\n\t\t\t\n\n\t<div id=\"gap-680045339\" class=\"gap-element clearfix\" style=\"display:block; height:auto;\">\n\t\t\n<style>\n#gap-680045339 {\n  padding-top: 30px;\n}\n<\/style>\n\t<\/div>\n\t\n\n<div class=\"row align-middle align-right\" style=\"max-width:70%\" id=\"row-335357026\">\n\n\n\t<div id=\"col-878538765\" class=\"col show-for-small medium-5 small-12 large-5\"  data-animate=\"fadeInRight\">\n\t\t\t\t<div class=\"col-inner\"  >\n\t\t\t\n\t\t\t\n\n\t<div class=\"img has-hover x md-x lg-x y md-y lg-y\" id=\"image_43173855\">\n\t\t\t\t\t\t\t\t<div class=\"img-inner dark\" >\n\t\t\t<img loading=\"lazy\" decoding=\"async\" width=\"2233\" height=\"1676\" src=\"https:\/\/nexameridian.com\/wp-content\/uploads\/2025\/02\/logo-1.png\" class=\"attachment-original size-original\" alt=\"\" srcset=\"https:\/\/nexameridian.com\/wp-content\/uploads\/2025\/02\/logo-1.png 2233w, https:\/\/nexameridian.com\/wp-content\/uploads\/2025\/02\/logo-1-300x225.png 300w, https:\/\/nexameridian.com\/wp-content\/uploads\/2025\/02\/logo-1-1024x769.png 1024w, https:\/\/nexameridian.com\/wp-content\/uploads\/2025\/02\/logo-1-768x576.png 768w, https:\/\/nexameridian.com\/wp-content\/uploads\/2025\/02\/logo-1-1536x1153.png 1536w, https:\/\/nexameridian.com\/wp-content\/uploads\/2025\/02\/logo-1-2048x1537.png 2048w\" sizes=\"auto, (max-width: 2233px) 100vw, 2233px\" \/>\t\t\t\t\t\t\n\t\t\t\t\t<\/div>\n\t\t\t\t\t\t\t\t\n<style>\n#image_43173855 {\n  width: 100%;\n}\n<\/style>\n\t<\/div>\n\t\n\n\n\t\t<\/div>\n\t\t\t\t\t<\/div>\n\n\t\n\n\t<div id=\"col-2026275003\" class=\"col medium-12 small-12 large-7\"  data-animate=\"fadeInLeft\">\n\t\t\t\t<div class=\"col-inner\"  >\n\t\t\t\n\t\t\t\n\n\t<div id=\"text-3513062941\" class=\"text\">\n\t\t\n\n<h2>Breve resumen<\/h2>\n\t\t\n<style>\n#text-3513062941 {\n  font-size: 1.3rem;\n}\n<\/style>\n\t<\/div>\n\t\n<p>Nuestro profundo conocimiento del panorama del mercado, el entorno normativo y la cultura empresarial local nos permite ofrecer soluciones de inversi\u00f3n a medida que impulsan el crecimiento econ\u00f3mico y la sostenibilidad. Aprovechando nuestra amplia red y nuestro conocimiento del mercado, nos aseguramos de que nuestros clientes aprovechen las oportunidades din\u00e1micas y cambiantes de Argelia.<\/p>\n<a href=\"https:\/\/nexameridian.com\/es\/about-us\/\" class=\"button secondary\"  style=\"border-radius:5px;\">\n\t\t<span>M\u00e1s informaci\u00f3n<\/span>\n\t<\/a>\n\n\n\n\t\t<\/div>\n\t\t\t\t\n<style>\n#col-2026275003 > .col-inner {\n  padding: 0px 0 0px 0px;\n}\n@media (min-width:550px) {\n  #col-2026275003 > .col-inner {\n    padding: 0px 10% 0px 0px;\n  }\n}\n<\/style>\n\t<\/div>\n\n\t\n\n\t<div id=\"col-1168824791\" class=\"col hide-for-small medium-5 small-12 large-5\"  data-animate=\"fadeInRight\">\n\t\t\t\t<div class=\"col-inner\"  >\n\t\t\t\n\t\t\t\n\n\t<div class=\"img has-hover x md-x lg-x y md-y lg-y\" id=\"image_979587244\">\n\t\t\t\t\t\t\t\t<div class=\"img-inner dark\" >\n\t\t\t<img loading=\"lazy\" decoding=\"async\" width=\"2233\" height=\"1676\" src=\"https:\/\/nexameridian.com\/wp-content\/uploads\/2025\/02\/logo-1.png\" class=\"attachment-original size-original\" alt=\"\" srcset=\"https:\/\/nexameridian.com\/wp-content\/uploads\/2025\/02\/logo-1.png 2233w, https:\/\/nexameridian.com\/wp-content\/uploads\/2025\/02\/logo-1-300x225.png 300w, https:\/\/nexameridian.com\/wp-content\/uploads\/2025\/02\/logo-1-1024x769.png 1024w, https:\/\/nexameridian.com\/wp-content\/uploads\/2025\/02\/logo-1-768x576.png 768w, https:\/\/nexameridian.com\/wp-content\/uploads\/2025\/02\/logo-1-1536x1153.png 1536w, https:\/\/nexameridian.com\/wp-content\/uploads\/2025\/02\/logo-1-2048x1537.png 2048w\" sizes=\"auto, (max-width: 2233px) 100vw, 2233px\" \/>\t\t\t\t\t\t\n\t\t\t\t\t<\/div>\n\t\t\t\t\t\t\t\t\n<style>\n#image_979587244 {\n  width: 100%;\n}\n<\/style>\n\t<\/div>\n\t\n\n\n\t\t<\/div>\n\t\t\t\t\t<\/div>\n\n\t\n\n<\/div>\n\n\t\t<\/div>\n\n\t\t\n<style>\n#section_915462995 {\n  padding-top: 30px;\n  padding-bottom: 30px;\n}\n<\/style>\n\t<\/section>\n\t\n\n\t<section class=\"section dark has-parallax\" id=\"section_877919705\">\n\t\t<div class=\"section-bg fill\" data-parallax-container=\".section\" data-parallax-background data-parallax=\"-5\">\n\t\t\t<img loading=\"lazy\" decoding=\"async\" width=\"768\" height=\"768\" src=\"https:\/\/nexameridian.com\/wp-content\/uploads\/2025\/02\/upescaled-768x768.png\" class=\"bg\" alt=\"\" srcset=\"https:\/\/nexameridian.com\/wp-content\/uploads\/2025\/02\/upescaled-768x768.png 768w, https:\/\/nexameridian.com\/wp-content\/uploads\/2025\/02\/upescaled-300x300.png 300w, https:\/\/nexameridian.com\/wp-content\/uploads\/2025\/02\/upescaled-1024x1024.png 1024w, https:\/\/nexameridian.com\/wp-content\/uploads\/2025\/02\/upescaled-150x150.png 150w, https:\/\/nexameridian.com\/wp-content\/uploads\/2025\/02\/upescaled.png 1280w\" sizes=\"auto, (max-width: 768px) 100vw, 768px\" \/>\n\t\t\t\n\t\t\t<div class=\"section-bg-overlay absolute fill\"><\/div>\n\t\t\t\n\n\t\t<\/div>\n\n\t\t\n\n\t\t<div class=\"section-content relative\">\n\t\t\t\n\n\t<div id=\"gap-645164087\" class=\"gap-element clearfix\" style=\"display:block; height:auto;\">\n\t\t\n<style>\n#gap-645164087 {\n  padding-top: 30px;\n}\n<\/style>\n\t<\/div>\n\t\n\n<div class=\"row\"  id=\"row-1280577288\">\n\n\n\t<div id=\"col-505805372\" class=\"col small-12 large-12\"  >\n\t\t\t\t<div class=\"col-inner\"  >\n\t\t\t\n\t\t\t\n\n\t<div id=\"text-1547004702\" class=\"text\">\n\t\t\n\n<h2>Servicios clave<\/h2>\n\t\t\n<style>\n#text-1547004702 {\n  font-size: 1.5rem;\n}\n<\/style>\n\t<\/div>\n\t\n\t<div id=\"gap-131249245\" class=\"gap-element clearfix\" style=\"display:block; height:auto;\">\n\t\t\n<style>\n#gap-131249245 {\n  padding-top: 5px;\n}\n<\/style>\n\t<\/div>\n\t\n\n\t<div id=\"text-2394612447\" class=\"text\">\n\t\t\n\n<p>Nuestro equipo trabaja con diligencia para identificar y mitigar los riesgos, sortear las complejidades normativas y garantizar la perfecta ejecuci\u00f3n de las estrategias de inversi\u00f3n. Con nuestro enfoque estrat\u00e9gico, las empresas pueden aprovechar todo el potencial de Argelia y lograr un \u00e9xito sostenible en sectores clave.<\/p>\n\t\t\n<style>\n#text-2394612447 {\n  font-size: 1.5rem;\n}\n<\/style>\n\t<\/div>\n\t\n\n\t\t<\/div>\n\t\t\t\t\t<\/div>\n\n\t\n\n<\/div>\n\t<div id=\"gap-1475702913\" class=\"gap-element clearfix\" style=\"display:block; height:auto;\">\n\t\t\n<style>\n#gap-1475702913 {\n  padding-top: 30px;\n}\n<\/style>\n\t<\/div>\n\t\n\n\t<div id=\"gap-1935873558\" class=\"gap-element clearfix show-for-small\" style=\"display:block; height:auto;\">\n\t\t\n<style>\n#gap-1935873558 {\n  padding-top: 60px;\n}\n<\/style>\n\t<\/div>\n\t\n\n\n\t\t<\/div>\n\n\t\t\n<style>\n#section_877919705 {\n  padding-top: 60px;\n  padding-bottom: 60px;\n}\n#section_877919705 .section-bg-overlay {\n  background-color: rgba(0, 0, 0, 0.407);\n}\n#section_877919705 .bg {\n  object-position: 34% 43%;\n}\n@media (min-width:850px) {\n  #section_877919705 {\n    padding-top: 180px;\n    padding-bottom: 180px;\n  }\n}\n<\/style>\n\t<\/section>\n\t\n\n\t<section class=\"section\" id=\"section_1242924135\">\n\t\t<div class=\"section-bg fill\" >\n\t\t\t\n\t\t\t\n\t\t\t\n\t\t\t\n\n\t\t<\/div>\n\n\t\t\n\n\t\t<div class=\"section-content relative\">\n\t\t\t\n\n<div class=\"row align-bottom\"  id=\"row-1894218201\">\n\n\n\t<div id=\"col-521780296\" class=\"col small-12 large-12\"  data-animate=\"bounceInUp\">\n\t\t\t\t<div class=\"col-inner\"  >\n\t\t\t\n\t\t\t\n\n<div class=\"row align-equal align-center\"  id=\"row-2061673405\">\n\n\n\t<div id=\"col-803259900\" class=\"col medium-4 small-12 large-4\"  >\n\t\t\t\t<div class=\"col-inner box-shadow-3\"  >\n\t\t\t\n\t\t\t\n\n\n\t\t<div class=\"icon-box featured-box icon-box-center text-center\"  >\n\t\t\t\t\t<div class=\"icon-box-img\" style=\"width: 100px\">\n\t\t\t\t<div class=\"icon\">\n\t\t\t\t\t<div class=\"icon-inner\" style=\"color:rgb(50, 103, 135);\">\n\t\t\t\t\t\t<?xml version=\"1.0\" ?><!-- Uploaded to: SVG Repo, www.svgrepo.com, Generator: SVG Repo Mixer Tools -->\n<svg fill=\"#000000\" width=\"800px\" height=\"800px\" viewbox=\"0 0 96 96\" xmlns=\"http:\/\/www.w3.org\/2000\/svg\"><title\/><path d=\"M78,36H36V24a11.9573,11.9573,0,0,1,23.2441-3.99,6.0009,6.0009,0,0,0,11.3086-4.02A23.9583,23.9583,0,0,0,24,24V36H18a5.9966,5.9966,0,0,0-6,6V90a5.9966,5.9966,0,0,0,6,6H78a5.9966,5.9966,0,0,0,6-6V42A5.9966,5.9966,0,0,0,78,36ZM72,84H24V48H72Z\"\/><\/svg>\t\t\t\t\t<\/div>\n\t\t\t\t<\/div>\n\t\t\t<\/div>\n\t\t\t\t<div class=\"icon-box-text last-reset\">\n\t\t\t\t\t\t\t\t\t\n\n<h2>Propuesta de valor clave<\/h2>\n<ul>\n<li style=\"text-align: left;\">Asociaciones estrat\u00e9gicas<\/li>\n<li style=\"text-align: left;\">Experiencia sectorial<\/li>\n<li style=\"text-align: left;\">Excelencia normativa<\/li>\n<\/ul>\n\t<div id=\"gap-1315501908\" class=\"gap-element clearfix\" style=\"display:block; height:auto;\">\n\t\t\n<style>\n#gap-1315501908 {\n  padding-top: 67px;\n}\n<\/style>\n\t<\/div>\n\t\n\n<a href=\"https:\/\/nexameridian.com\/es\/services\/#key1\" class=\"button primary expand show-for-small\"  style=\"border-radius:99px;padding:7px 30px 7px 30px;\">\n\t\t<span>M\u00e1s informaci\u00f3n<\/span>\n\t<\/a>\n\n\n<a href=\"https:\/\/nexameridian.com\/es\/services\/#key\" class=\"button primary expand hide-for-small\"  style=\"border-radius:99px;padding:7px 30px 7px 30px;\">\n\t\t<span>M\u00e1s informaci\u00f3n<\/span>\n\t<\/a>\n\n\n\n\t\t<\/div>\n\t<\/div>\n\t\n\t\n\n\t\t<\/div>\n\t\t\t\t\t<\/div>\n\n\t\n\n\t<div id=\"col-204466852\" class=\"col medium-4 small-12 large-4\"  >\n\t\t\t\t<div class=\"col-inner box-shadow-3\"  >\n\t\t\t\n\t\t\t\n\n\n\t\t<div class=\"icon-box featured-box icon-box-center text-center\"  >\n\t\t\t\t\t<div class=\"icon-box-img\" style=\"width: 100px\">\n\t\t\t\t<div class=\"icon\">\n\t\t\t\t\t<div class=\"icon-inner\" style=\"color:rgb(50, 103, 135);\">\n\t\t\t\t\t\t<?xml version=\"1.0\" encoding=\"utf-8\"?><!-- Uploaded to: SVG Repo, www.svgrepo.com, Generator: SVG Repo Mixer Tools -->\r\n<svg fill=\"#000000\" width=\"800px\" height=\"800px\" viewbox=\"0 0 50 50\" xmlns=\"http:\/\/www.w3.org\/2000\/svg\" xmlns:xlink=\"http:\/\/www.w3.org\/1999\/xlink\"><path d=\"M25 3C24.8405 3 24.680156 3.0372812 24.535156 3.1132812L3.5351562 14.113281C3.2061563 14.286281 3 14.628 3 15L3 17C3 17.552 3.448 18 4 18L46 18C46.553 18 47 17.552 47 17L47 15C47 14.628 46.794844 14.286281 46.464844 14.113281L25.464844 3.1132812C25.319844 3.0372812 25.1595 3 25 3 z M 25 9C26.656 9 28 10.343 28 12C28 13.657 26.656 15 25 15C23.343 15 22 13.657 22 12C22 10.343 23.343 9 25 9 z M 8 20C7.448 20 7 20.448 7 21L7 35L13 35L13 21C13 20.448 12.552 20 12 20L8 20 z M 18 20C17.448 20 17 20.448 17 21L17 35L23 35L23 21C23 20.448 22.552 20 22 20L18 20 z M 28 20C27.448 20 27 20.448 27 21L27 35L32.853516 35C31.417516 33.807 30.5 32.009 30.5 30C30.5 27.925 31.481 26.077719 33 24.886719L33 21C33 20.448 32.552 20 32 20L28 20 z M 38 20C37.448 20 37 20.448 37 21L37 23.5C39.7 23.5 42.019 25.154906 43 27.503906L43 21C43 20.448 42.552 20 42 20L38 20 z M 37 25.5C34.519 25.5 32.5 27.519 32.5 30C32.5 32.481 34.519 34.5 37 34.5C39.481 34.5 41.5 32.481 41.5 30C41.5 27.519 39.481 25.5 37 25.5 z M 5 37C4.448 37 4 37.447 4 38L4 40L3 40C2.448 40 2 40.447 2 41L2 44C2 44.553 2.448 45 3 45L26 45L26 42.558594C26 40.351594 26.967422 38.381 28.482422 37L5 37 z M 33.558594 37C30.492594 37 28 39.492594 28 42.558594L28 47C28 47.553 28.447 48 29 48L45 48C45.553 48 46 47.553 46 47L46 42.558594C46 39.492594 43.506406 37 40.441406 37L33.558594 37 z\"\/><\/svg>\t\t\t\t\t<\/div>\n\t\t\t\t<\/div>\n\t\t\t<\/div>\n\t\t\t\t<div class=\"icon-box-text last-reset\">\n\t\t\t\t\t\t\t\t\t\n\n<h2>Por qu\u00e9 invertir en Argelia<\/h2>\n<ul>\n<li style=\"text-align: left;\">Ubicaci\u00f3n estrat\u00e9gica<\/li>\n<li style=\"text-align: left;\">Recursos naturales abundantes<\/li>\n<li style=\"text-align: left;\">Incentivos p\u00fablicos<\/li>\n<\/ul>\n\t<div id=\"gap-1289356553\" class=\"gap-element clearfix\" style=\"display:block; height:auto;\">\n\t\t\n<style>\n#gap-1289356553 {\n  padding-top: 67px;\n}\n<\/style>\n\t<\/div>\n\t\n\n<a href=\"https:\/\/nexameridian.com\/es\/services\/#bussiness1\" class=\"button primary expand show-for-small\"  style=\"border-radius:99px;padding:7px 30px 7px 30px;\">\n\t\t<span>M\u00e1s informaci\u00f3n<\/span>\n\t<\/a>\n\n\n<a href=\"https:\/\/nexameridian.com\/es\/services\/#bussiness\" class=\"button primary expand hide-for-small\"  style=\"border-radius:99px;padding:7px 30px 7px 30px;\">\n\t\t<span>M\u00e1s informaci\u00f3n<\/span>\n\t<\/a>\n\n\n\n\t\t<\/div>\n\t<\/div>\n\t\n\t\n\n\t\t<\/div>\n\t\t\t\t\t<\/div>\n\n\t\n\n\t<div id=\"col-1111957297\" class=\"col medium-4 small-12 large-4\"  >\n\t\t\t\t<div class=\"col-inner box-shadow-3\"  >\n\t\t\t\n\t\t\t\n\n\n\t\t<div class=\"icon-box featured-box icon-box-center text-center\"  >\n\t\t\t\t\t<div class=\"icon-box-img\" style=\"width: 100px\">\n\t\t\t\t<div class=\"icon\">\n\t\t\t\t\t<div class=\"icon-inner\" style=\"color:rgb(50, 103, 135);\">\n\t\t\t\t\t\t<?xml version=\"1.0\" encoding=\"utf-8\"?><!-- Uploaded to: SVG Repo, www.svgrepo.com, Generator: SVG Repo Mixer Tools -->\r\n<svg fill=\"#000000\" width=\"800px\" height=\"800px\" viewbox=\"0 0 50 50\" xmlns=\"http:\/\/www.w3.org\/2000\/svg\" xmlns:xlink=\"http:\/\/www.w3.org\/1999\/xlink\"><path d=\"M20.021484 0.99609375C16.586484 0.99609375 14.407922 9.8729219 14.044922 18.419922C7.3119219 22.479922 1.9025156 27.654703 1.1035156 30.845703C0.91051562 31.615703 0.97864062 32.279359 1.3066406 32.818359C1.8066406 33.640359 2.8289688 33.976562 4.1679688 33.976562C5.5799687 33.976562 7.34375 33.599391 9.21875 33.025391C8.99275 32.348391 8.8870625 31.460422 9.1640625 30.357422C10.190062 26.258422 16.252562 20.948578 22.101562 17.267578C22.253563 14.805578 22.701844 9.991875 23.964844 5.921875C23.960844 5.907875 23.956172 5.8909531 23.951172 5.8769531C22.951172 2.9449531 21.625484 0.99809375 20.021484 0.99609375 z M 30.021484 0.99804688C26.585484 0.99804688 24.405922 9.873875 24.044922 18.421875C17.310922 22.482875 11.902516 27.655703 11.103516 30.845703C10.910516 31.616703 10.980594 32.280359 11.308594 32.818359C11.807594 33.640359 12.829969 33.976562 14.167969 33.976562C18.461969 33.976562 25.997766 30.521578 30.009766 28.517578C34.020766 30.524578 41.557563 33.984375 45.851562 33.984375C47.190562 33.984375 48.213844 33.648172 48.714844 32.826172C49.043844 32.285172 49.110969 31.620609 48.917969 30.849609C48.118969 27.654609 42.718094 22.478875 35.996094 18.421875C35.634094 9.875875 33.457484 1.0000469 30.021484 0.99804688 z M 30.019531 20C31.124531 20 32.019531 20.895 32.019531 22C32.019531 23.105 31.124531 24 30.019531 24C28.914531 24 28.019531 23.105 28.019531 22C28.019531 20.895 28.914531 20 30.019531 20 z M 30.009766 30.748047C29.217766 31.135047 28.385156 31.529969 27.535156 31.917969L26.099609 46.996094L23.927734 46.996094L22.628906 33.976562C20.761906 34.676563 18.924953 35.251516 17.251953 35.603516L16.111328 46.996094L11 46.996094 A 1.003906 1.003906 0 0 0 11 49.003906L39 49.003906 A 1.003906 1.003906 0 0 0 39 46.996094L33.923828 46.996094L32.486328 31.919922C31.634328 31.530922 30.802766 31.137047 30.009766 30.748047 z\"\/><\/svg>\t\t\t\t\t<\/div>\n\t\t\t\t<\/div>\n\t\t\t<\/div>\n\t\t\t\t<div class=\"icon-box-text last-reset\">\n\t\t\t\t\t\t\t\t\t\n\n<h2>Sectores destacados<\/h2>\n<ul>\n<li style=\"text-align: left;\">Turismo<\/li>\n<li style=\"text-align: left;\">Agricultura<\/li>\n<li style=\"text-align: left;\">Fabricaci\u00f3n<\/li>\n<li style=\"text-align: left;\">Energ\u00eda<\/li>\n<\/ul>\n\t<div id=\"gap-1528293975\" class=\"gap-element clearfix\" style=\"display:block; height:auto;\">\n\t\t\n<style>\n#gap-1528293975 {\n  padding-top: 65px;\n}\n<\/style>\n\t<\/div>\n\t\n\n<a href=\"https:\/\/nexameridian.com\/es\/services\/#indivudual1\" class=\"button primary expand show-for-small\"  style=\"border-radius:99px;padding:7px 30px 7px 30px;\">\n\t\t<span>M\u00e1s informaci\u00f3n<\/span>\n\t<\/a>\n\n\n<a href=\"https:\/\/nexameridian.com\/es\/services\/#indivudual\" class=\"button primary expand hide-for-small\"  style=\"border-radius:99px;padding:7px 30px 7px 30px;\">\n\t\t<span>M\u00e1s informaci\u00f3n<\/span>\n\t<\/a>\n\n\n\n\t\t<\/div>\n\t<\/div>\n\t\n\t\n\n\t\t<\/div>\n\t\t\t\t\t<\/div>\n\n\t\n\n\n<style>\n#row-2061673405 > .col > .col-inner {\n  padding: 40px 40px 50px 40px;\n  background-color: rgb(255,255,255);\n  border-radius: 15px;\n}\n@media (min-width:550px) {\n  #row-2061673405 > .col > .col-inner {\n    padding: 20px 20px 40px 20px;\n  }\n}\n@media (min-width:850px) {\n  #row-2061673405 > .col > .col-inner {\n    padding: 40px 40px 40px 40px;\n  }\n}\n<\/style>\n<\/div>\n\n\t\t<\/div>\n\t\t\t\t\n<style>\n#col-521780296 > .col-inner {\n  margin: -210px 0px 0px 0px;\n}\n<\/style>\n\t<\/div>\n\n\t\n\n<\/div>\n\n\t\t<\/div>\n\n\t\t\n<style>\n#section_1242924135 {\n  padding-top: 40px;\n  padding-bottom: 40px;\n  background-color: rgb(255,255,255);\n}\n@media (min-width:850px) {\n  #section_1242924135 {\n    padding-top: 0px;\n    padding-bottom: 0px;\n  }\n}\n<\/style>\n\t<\/section>","protected":false},"excerpt":{"rendered":"","protected":false},"author":2,"featured_media":0,"parent":0,"menu_order":0,"comment_status":"closed","ping_status":"closed","template":"page-blank.php","meta":{"footnotes":""},"class_list":["post-10","page","type-page","status-publish","hentry"],"_links":{"self":[{"href":"https:\/\/nexameridian.com\/es\/wp-json\/wp\/v2\/pages\/10","targetHints":{"allow":["GET"]}}],"collection":[{"href":"https:\/\/nexameridian.com\/es\/wp-json\/wp\/v2\/pages"}],"about":[{"href":"https:\/\/nexameridian.com\/es\/wp-json\/wp\/v2\/types\/page"}],"author":[{"embeddable":true,"href":"https:\/\/nexameridian.com\/es\/wp-json\/wp\/v2\/users\/2"}],"replies":[{"embeddable":true,"href":"https:\/\/nexameridian.com\/es\/wp-json\/wp\/v2\/comments?post=10"}],"version-history":[{"count":201,"href":"https:\/\/nexameridian.com\/es\/wp-json\/wp\/v2\/pages\/10\/revisions"}],"predecessor-version":[{"id":713,"href":"https:\/\/nexameridian.com\/es\/wp-json\/wp\/v2\/pages\/10\/revisions\/713"}],"wp:attachment":[{"href":"https:\/\/nexameridian.com\/es\/wp-json\/wp\/v2\/media?parent=10"}],"curies":[{"name":"wp","href":"https:\/\/api.w.org\/{rel}","templated":true}]}}