{"id":689,"date":"2025-02-18T17:26:09","date_gmt":"2025-02-18T17:26:09","guid":{"rendered":"https:\/\/nexameridian.com\/?page_id=689"},"modified":"2025-02-19T09:58:08","modified_gmt":"2025-02-19T09:58:08","slug":"articles-and-news","status":"publish","type":"page","link":"https:\/\/nexameridian.com\/es\/articles-and-news\/","title":{"rendered":"Art\u00edculos y noticias"},"content":{"rendered":"<div class=\"row large-columns-2 medium-columns-1 small-columns-1\" >\n  <div class=\"col post-item\" >\n\t\t\t<div class=\"col-inner\">\n\t\t\t\t<div class=\"box box-default box-text-bottom box-blog-post has-hover\">\n            \t\t\t\t\t<div class=\"box-image\" >\n  \t\t\t\t\t\t<div class=\"image-cover\" style=\"padding-top:56%;\">\n\t\t\t\t\t\t\t<a href=\"https:\/\/nexameridian.com\/es\/tourism-in-algeria-statistics-facts\/\" class=\"plain\" aria-label=\"Tourism in Algeria &#8211; statistics &amp; facts\">\n\t\t\t\t\t\t\t\t<img loading=\"lazy\" decoding=\"async\" width=\"1000\" height=\"668\" src=\"https:\/\/nexameridian.com\/wp-content\/uploads\/2025\/02\/1000_F_486287828_MJIuY9L10n0MQACcDLxyQGgcRwjaHvvz.jpg\" class=\"attachment-original size-original wp-post-image\" alt=\"\" srcset=\"https:\/\/nexameridian.com\/wp-content\/uploads\/2025\/02\/1000_F_486287828_MJIuY9L10n0MQACcDLxyQGgcRwjaHvvz.jpg 1000w, https:\/\/nexameridian.com\/wp-content\/uploads\/2025\/02\/1000_F_486287828_MJIuY9L10n0MQACcDLxyQGgcRwjaHvvz-300x200.jpg 300w, https:\/\/nexameridian.com\/wp-content\/uploads\/2025\/02\/1000_F_486287828_MJIuY9L10n0MQACcDLxyQGgcRwjaHvvz-768x513.jpg 768w, https:\/\/nexameridian.com\/wp-content\/uploads\/2025\/02\/1000_F_486287828_MJIuY9L10n0MQACcDLxyQGgcRwjaHvvz-18x12.jpg 18w\" sizes=\"auto, (max-width: 1000px) 100vw, 1000px\" \/>\t\t\t\t\t\t\t<\/a>\n  \t\t\t\t\t\t\t  \t\t\t\t\t\t\t  \t\t\t\t\t\t<\/div>\n  \t\t\t\t\t\t  \t\t\t\t\t<\/div>\n          \t\t\t\t\t<div class=\"box-text text-center\" >\n\t\t\t\t\t<div class=\"box-text-inner blog-post-inner\">\n\n\t\t\t\t\t\n\t\t\t\t\t\t\t\t\t\t\t<p class=\"cat-label tag-label is-xxsmall op-7 uppercase\">\n\t\t\t\t\tTurismo \t\t\t\t\t<\/p>\n\t\t\t\t\t\t\t\t\t\t<h5 class=\"post-title is-larger\">\n\t\t\t\t\t\t<a href=\"https:\/\/nexameridian.com\/es\/tourism-in-algeria-statistics-facts\/\" class=\"plain\">Estad\u00edsticas y datos del turismo en Argelia<\/a>\n\t\t\t\t\t<\/h5>\n\t\t\t\t\t\t\t\t\t\t<div class=\"is-divider\"><\/div>\n\t\t\t\t\t\t\t\t\t\t<p class=\"from_the_blog_excerpt\">\n\t\t\t\t\t\tArgelia ofrece una gran variedad de atracciones tur\u00edsticas, como lugares de inter\u00e9s patrimonial, los impresionantes paisajes del desierto del Sahara y la cordillera del Atlas, y relajantes destinos de playa en el mar Mediterr\u00e1neo. Visitar [...]\t\t\t\t\t<\/p>\n\t\t\t\t\t                    \n\t\t\t\t\t\n\t\t\t\t\t\n\t\t\t\t\t<\/div>\n\t\t\t\t\t<\/div>\n\t\t\t\t\t\t\t\t\t<\/div>\n\t\t\t<\/div>\n\t\t<\/div><div class=\"col post-item\" >\n\t\t\t<div class=\"col-inner\">\n\t\t\t\t<div class=\"box box-default box-text-bottom box-blog-post has-hover\">\n            \t\t\t\t\t<div class=\"box-image\" >\n  \t\t\t\t\t\t<div class=\"image-cover\" style=\"padding-top:56%;\">\n\t\t\t\t\t\t\t<a href=\"https:\/\/nexameridian.com\/es\/as-algeria-opens-its-doors-to-more-visitors-its-tourism-sector-is-rapidly-expanding-to-host-them\/\" class=\"plain\" aria-label=\"A medida que Argelia abre sus puertas a m\u00e1s visitantes, su sector tur\u00edstico se expande r\u00e1pidamente para acogerlos.\">\n\t\t\t\t\t\t\t\t<img loading=\"lazy\" decoding=\"async\" width=\"1080\" height=\"1920\" src=\"https:\/\/nexameridian.com\/wp-content\/uploads\/2025\/02\/5.webp\" class=\"attachment-original size-original wp-post-image\" alt=\"\" srcset=\"https:\/\/nexameridian.com\/wp-content\/uploads\/2025\/02\/5.webp 1080w, https:\/\/nexameridian.com\/wp-content\/uploads\/2025\/02\/5-169x300.webp 169w, https:\/\/nexameridian.com\/wp-content\/uploads\/2025\/02\/5-576x1024.webp 576w, https:\/\/nexameridian.com\/wp-content\/uploads\/2025\/02\/5-768x1365.webp 768w, https:\/\/nexameridian.com\/wp-content\/uploads\/2025\/02\/5-864x1536.webp 864w, https:\/\/nexameridian.com\/wp-content\/uploads\/2025\/02\/5-7x12.webp 7w\" sizes=\"auto, (max-width: 1080px) 100vw, 1080px\" \/>\t\t\t\t\t\t\t<\/a>\n  \t\t\t\t\t\t\t  \t\t\t\t\t\t\t  \t\t\t\t\t\t<\/div>\n  \t\t\t\t\t\t  \t\t\t\t\t<\/div>\n          \t\t\t\t\t<div class=\"box-text text-center\" >\n\t\t\t\t\t<div class=\"box-text-inner blog-post-inner\">\n\n\t\t\t\t\t\n\t\t\t\t\t\t\t\t\t\t\t<p class=\"cat-label tag-label is-xxsmall op-7 uppercase\">\n\t\t\t\t\tTurismo \t\t\t\t\t<\/p>\n\t\t\t\t\t\t\t\t\t\t<h5 class=\"post-title is-larger\">\n\t\t\t\t\t\t<a href=\"https:\/\/nexameridian.com\/es\/as-algeria-opens-its-doors-to-more-visitors-its-tourism-sector-is-rapidly-expanding-to-host-them\/\" class=\"plain\">A medida que Argelia abre sus puertas a m\u00e1s visitantes, su sector tur\u00edstico se expande r\u00e1pidamente para acogerlos.<\/a>\n\t\t\t\t\t<\/h5>\n\t\t\t\t\t\t\t\t\t\t<div class=\"is-divider\"><\/div>\n\t\t\t\t\t\t\t\t\t\t<p class=\"from_the_blog_excerpt\">\n\t\t\t\t\t\tEl Gobierno argelino quiere quintuplicar el n\u00famero de visitantes anuales de aqu\u00ed a 2030. Echamos un vistazo a c\u00f3mo se est\u00e1 desarrollando el sector tur\u00edstico para atraer y [...]\t\t\t\t\t<\/p>\n\t\t\t\t\t                    \n\t\t\t\t\t\n\t\t\t\t\t\n\t\t\t\t\t<\/div>\n\t\t\t\t\t<\/div>\n\t\t\t\t\t\t\t\t\t<\/div>\n\t\t\t<\/div>\n\t\t<\/div><div class=\"col post-item\" >\n\t\t\t<div class=\"col-inner\">\n\t\t\t\t<div class=\"box box-default box-text-bottom box-blog-post has-hover\">\n            \t\t\t\t\t<div class=\"box-image\" >\n  \t\t\t\t\t\t<div class=\"image-cover\" style=\"padding-top:56%;\">\n\t\t\t\t\t\t\t<a href=\"https:\/\/nexameridian.com\/es\/algeria-seeks-to-lure-tourists-to-neglected-cultural-scenic-glories\/\" class=\"plain\" aria-label=\"Argelia quiere atraer a los turistas hacia las glorias culturales y paisaj\u00edsticas olvidadas\">\n\t\t\t\t\t\t\t\t<img loading=\"lazy\" decoding=\"async\" width=\"1920\" height=\"1279\" src=\"https:\/\/nexameridian.com\/wp-content\/uploads\/2025\/02\/3.webp\" class=\"attachment-original size-original wp-post-image\" alt=\"\" srcset=\"https:\/\/nexameridian.com\/wp-content\/uploads\/2025\/02\/3.webp 1920w, https:\/\/nexameridian.com\/wp-content\/uploads\/2025\/02\/3-300x200.webp 300w, https:\/\/nexameridian.com\/wp-content\/uploads\/2025\/02\/3-1024x682.webp 1024w, https:\/\/nexameridian.com\/wp-content\/uploads\/2025\/02\/3-768x512.webp 768w, https:\/\/nexameridian.com\/wp-content\/uploads\/2025\/02\/3-1536x1023.webp 1536w, https:\/\/nexameridian.com\/wp-content\/uploads\/2025\/02\/3-18x12.webp 18w\" sizes=\"auto, (max-width: 1920px) 100vw, 1920px\" \/>\t\t\t\t\t\t\t<\/a>\n  \t\t\t\t\t\t\t  \t\t\t\t\t\t\t  \t\t\t\t\t\t<\/div>\n  \t\t\t\t\t\t  \t\t\t\t\t<\/div>\n          \t\t\t\t\t<div class=\"box-text text-center\" >\n\t\t\t\t\t<div class=\"box-text-inner blog-post-inner\">\n\n\t\t\t\t\t\n\t\t\t\t\t\t\t\t\t\t\t<p class=\"cat-label tag-label is-xxsmall op-7 uppercase\">\n\t\t\t\t\tTurismo \t\t\t\t\t<\/p>\n\t\t\t\t\t\t\t\t\t\t<h5 class=\"post-title is-larger\">\n\t\t\t\t\t\t<a href=\"https:\/\/nexameridian.com\/es\/algeria-seeks-to-lure-tourists-to-neglected-cultural-scenic-glories\/\" class=\"plain\">Argelia quiere atraer a los turistas hacia las glorias culturales y paisaj\u00edsticas olvidadas<\/a>\n\t\t\t\t\t<\/h5>\n\t\t\t\t\t\t\t\t\t\t<div class=\"is-divider\"><\/div>\n\t\t\t\t\t\t\t\t\t\t<p class=\"from_the_blog_excerpt\">\n\t\t\t\t\t\tORAN, Argelia, 3 de junio (Reuters) - Argelia quiere atraer a m\u00e1s visitantes a los tesoros culturales y paisaj\u00edsticos del pa\u00eds m\u00e1s grande de \u00c1frica, despoj\u00e1ndose de su estatus de remanso tur\u00edstico y [...].\t\t\t\t\t<\/p>\n\t\t\t\t\t                    \n\t\t\t\t\t\n\t\t\t\t\t\n\t\t\t\t\t<\/div>\n\t\t\t\t\t<\/div>\n\t\t\t\t\t\t\t\t\t<\/div>\n\t\t\t<\/div>\n\t\t<\/div><div class=\"col post-item\" >\n\t\t\t<div class=\"col-inner\">\n\t\t\t\t<div class=\"box box-default box-text-bottom box-blog-post has-hover\">\n            \t\t\t\t\t<div class=\"box-image\" >\n  \t\t\t\t\t\t<div class=\"image-cover\" style=\"padding-top:56%;\">\n\t\t\t\t\t\t\t<a href=\"https:\/\/nexameridian.com\/es\/algeria-launches-tender-process-for-1gw-of-solar\/\" class=\"plain\" aria-label=\"Argelia lanza una licitaci\u00f3n para 1 GW de energ\u00eda solar\">\n\t\t\t\t\t\t\t\t<img loading=\"lazy\" decoding=\"async\" width=\"349\" height=\"349\" src=\"https:\/\/nexameridian.com\/wp-content\/uploads\/2025\/02\/PS20.jpg\" class=\"attachment-original size-original wp-post-image\" alt=\"\" srcset=\"https:\/\/nexameridian.com\/wp-content\/uploads\/2025\/02\/PS20.jpg 349w, https:\/\/nexameridian.com\/wp-content\/uploads\/2025\/02\/PS20-300x300.jpg 300w, https:\/\/nexameridian.com\/wp-content\/uploads\/2025\/02\/PS20-150x150.jpg 150w\" sizes=\"auto, (max-width: 349px) 100vw, 349px\" \/>\t\t\t\t\t\t\t<\/a>\n  \t\t\t\t\t\t\t  \t\t\t\t\t\t\t  \t\t\t\t\t\t<\/div>\n  \t\t\t\t\t\t  \t\t\t\t\t<\/div>\n          \t\t\t\t\t<div class=\"box-text text-center\" >\n\t\t\t\t\t<div class=\"box-text-inner blog-post-inner\">\n\n\t\t\t\t\t\n\t\t\t\t\t\t\t\t\t\t\t<p class=\"cat-label tag-label is-xxsmall op-7 uppercase\">\n\t\t\t\t\tEnerg\u00eda \t\t\t\t\t<\/p>\n\t\t\t\t\t\t\t\t\t\t<h5 class=\"post-title is-larger\">\n\t\t\t\t\t\t<a href=\"https:\/\/nexameridian.com\/es\/algeria-launches-tender-process-for-1gw-of-solar\/\" class=\"plain\">Argelia lanza una licitaci\u00f3n para 1 GW de energ\u00eda solar<\/a>\n\t\t\t\t\t<\/h5>\n\t\t\t\t\t\t\t\t\t\t<div class=\"is-divider\"><\/div>\n\t\t\t\t\t\t\t\t\t\t<p class=\"from_the_blog_excerpt\">\n\t\t\t\t\t\tArgelia ha puesto en marcha un proceso de licitaci\u00f3n para apoyar el despliegue de proyectos de energ\u00eda solar fotovoltaica en el pa\u00eds con una capacidad total de 1 GW. Denominado \"Solar 1000 MW\", el programa [...]\t\t\t\t\t<\/p>\n\t\t\t\t\t                    \n\t\t\t\t\t\n\t\t\t\t\t\n\t\t\t\t\t<\/div>\n\t\t\t\t\t<\/div>\n\t\t\t\t\t\t\t\t\t<\/div>\n\t\t\t<\/div>\n\t\t<\/div><div class=\"col post-item\" >\n\t\t\t<div class=\"col-inner\">\n\t\t\t\t<div class=\"box box-default box-text-bottom box-blog-post has-hover\">\n            \t\t\t\t\t<div class=\"box-image\" >\n  \t\t\t\t\t\t<div class=\"image-cover\" style=\"padding-top:56%;\">\n\t\t\t\t\t\t\t<a href=\"https:\/\/nexameridian.com\/es\/renewable-energy-and-energy-efficiency-development-plan-2011-2030\/\" class=\"plain\" aria-label=\"Plan de desarrollo de las energ\u00edas renovables y la eficiencia energ\u00e9tica 2011-2030\">\n\t\t\t\t\t\t\t\t<img loading=\"lazy\" decoding=\"async\" width=\"1903\" height=\"911\" src=\"https:\/\/nexameridian.com\/wp-content\/uploads\/2025\/02\/11062b_fbe7d3486d534d0590631479a4d47503mv2.avif\" class=\"attachment-original size-original wp-post-image\" alt=\"\" srcset=\"https:\/\/nexameridian.com\/wp-content\/uploads\/2025\/02\/11062b_fbe7d3486d534d0590631479a4d47503mv2.avif 1903w, https:\/\/nexameridian.com\/wp-content\/uploads\/2025\/02\/11062b_fbe7d3486d534d0590631479a4d47503mv2-300x144.jpg 300w, https:\/\/nexameridian.com\/wp-content\/uploads\/2025\/02\/11062b_fbe7d3486d534d0590631479a4d47503mv2-1024x490.jpg 1024w, https:\/\/nexameridian.com\/wp-content\/uploads\/2025\/02\/11062b_fbe7d3486d534d0590631479a4d47503mv2-768x368.jpg 768w, https:\/\/nexameridian.com\/wp-content\/uploads\/2025\/02\/11062b_fbe7d3486d534d0590631479a4d47503mv2-1536x735.jpg 1536w\" sizes=\"auto, (max-width: 1903px) 100vw, 1903px\" \/>\t\t\t\t\t\t\t<\/a>\n  \t\t\t\t\t\t\t  \t\t\t\t\t\t\t  \t\t\t\t\t\t<\/div>\n  \t\t\t\t\t\t  \t\t\t\t\t<\/div>\n          \t\t\t\t\t<div class=\"box-text text-center\" >\n\t\t\t\t\t<div class=\"box-text-inner blog-post-inner\">\n\n\t\t\t\t\t\n\t\t\t\t\t\t\t\t\t\t\t<p class=\"cat-label tag-label is-xxsmall op-7 uppercase\">\n\t\t\t\t\tEnerg\u00eda \t\t\t\t\t<\/p>\n\t\t\t\t\t\t\t\t\t\t<h5 class=\"post-title is-larger\">\n\t\t\t\t\t\t<a href=\"https:\/\/nexameridian.com\/es\/renewable-energy-and-energy-efficiency-development-plan-2011-2030\/\" class=\"plain\">Plan de desarrollo de las energ\u00edas renovables y la eficiencia energ\u00e9tica 2011-2030<\/a>\n\t\t\t\t\t<\/h5>\n\t\t\t\t\t\t\t\t\t\t<div class=\"is-divider\"><\/div>\n\t\t\t\t\t\t\t\t\t\t<p class=\"from_the_blog_excerpt\">\n\t\t\t\t\t\tEjecutivoEl objetivo principal del Plan de Desarrollo de las Energ\u00edas Renovables y la Eficiencia Energ\u00e9tica de Argelia es ampliar el uso de las energ\u00edas renovables y diversificar las fuentes de energ\u00eda en el pa\u00eds.Objetivos:Instalar 22 000 [...].\t\t\t\t\t<\/p>\n\t\t\t\t\t                    \n\t\t\t\t\t\n\t\t\t\t\t\n\t\t\t\t\t<\/div>\n\t\t\t\t\t<\/div>\n\t\t\t\t\t\t\t\t\t<\/div>\n\t\t\t<\/div>\n\t\t<\/div><\/div>","protected":false},"excerpt":{"rendered":"","protected":false},"author":2,"featured_media":0,"parent":0,"menu_order":0,"comment_status":"closed","ping_status":"closed","template":"","meta":{"footnotes":""},"class_list":["post-689","page","type-page","status-publish","hentry"],"_links":{"self":[{"href":"https:\/\/nexameridian.com\/es\/wp-json\/wp\/v2\/pages\/689","targetHints":{"allow":["GET"]}}],"collection":[{"href":"https:\/\/nexameridian.com\/es\/wp-json\/wp\/v2\/pages"}],"about":[{"href":"https:\/\/nexameridian.com\/es\/wp-json\/wp\/v2\/types\/page"}],"author":[{"embeddable":true,"href":"https:\/\/nexameridian.com\/es\/wp-json\/wp\/v2\/users\/2"}],"replies":[{"embeddable":true,"href":"https:\/\/nexameridian.com\/es\/wp-json\/wp\/v2\/comments?post=689"}],"version-history":[{"count":6,"href":"https:\/\/nexameridian.com\/es\/wp-json\/wp\/v2\/pages\/689\/revisions"}],"predecessor-version":[{"id":709,"href":"https:\/\/nexameridian.com\/es\/wp-json\/wp\/v2\/pages\/689\/revisions\/709"}],"wp:attachment":[{"href":"https:\/\/nexameridian.com\/es\/wp-json\/wp\/v2\/media?parent=689"}],"curies":[{"name":"wp","href":"https:\/\/api.w.org\/{rel}","templated":true}]}}