{"id":12,"date":"2024-07-03T21:36:32","date_gmt":"2024-07-03T21:36:32","guid":{"rendered":"https:\/\/nexameridian.com\/?page_id=12"},"modified":"2025-02-04T01:44:27","modified_gmt":"2025-02-04T01:44:27","slug":"about-us","status":"publish","type":"page","link":"https:\/\/nexameridian.com\/fr\/about-us\/","title":{"rendered":"\u00c0 propos des \u00c9tats-Unis"},"content":{"rendered":"<section class=\"section\" id=\"section_1390833104\">\n\t\t<div class=\"section-bg fill\" >\n\t\t\t\n\t\t\t\n\t\t\t\n\t\t\t\n\n\t\t<\/div>\n\n\t\t\n\n\t\t<div class=\"section-content relative\">\n\t\t\t\n\n<div class=\"row row-collapse row-full-width align-middle\"  id=\"row-770974259\">\n\n\n\t<div id=\"col-1222643746\" class=\"col medium-12 large-6\"  >\n\t\t\t\t<div class=\"col-inner\"  >\n\t\t\t\n\t\t\t\n\n\n  <div class=\"banner has-hover\" id=\"banner-1285848783\">\n          <div class=\"banner-inner fill\">\n        <div class=\"banner-bg fill\" >\n\t\t\t<img loading=\"lazy\" decoding=\"async\" width=\"1832\" height=\"1223\" src=\"https:\/\/nexameridian.com\/wp-content\/uploads\/2025\/02\/16.webp\" class=\"bg\" alt=\"\" srcset=\"https:\/\/nexameridian.com\/wp-content\/uploads\/2025\/02\/16.webp 1832w, https:\/\/nexameridian.com\/wp-content\/uploads\/2025\/02\/16-300x200.webp 300w, https:\/\/nexameridian.com\/wp-content\/uploads\/2025\/02\/16-1024x684.webp 1024w, https:\/\/nexameridian.com\/wp-content\/uploads\/2025\/02\/16-768x513.webp 768w, https:\/\/nexameridian.com\/wp-content\/uploads\/2025\/02\/16-1536x1025.webp 1536w\" sizes=\"auto, (max-width: 1832px) 100vw, 1832px\" \/>                                    \n                    <\/div>\n\t\t\n        <div class=\"banner-layers container\">\n            <div class=\"fill banner-link\"><\/div>            \n\n   <div id=\"text-box-1759192729\" class=\"text-box banner-layer x50 md-x50 lg-x50 y50 md-y50 lg-y50 res-text\">\n                                <div class=\"text-box-content text dark\">\n              \n              <div class=\"text-inner text-center\">\n                  \n\n\n              <\/div>\n           <\/div>\n                            \n<style>\n#text-box-1759192729 {\n  width: 60%;\n}\n#text-box-1759192729 .text-box-content {\n  font-size: 100%;\n}\n@media (min-width:550px) {\n  #text-box-1759192729 {\n    width: 60%;\n  }\n}\n<\/style>\n    <\/div>\n \n\n        <\/div>\n      <\/div>\n\n            \n<style>\n#banner-1285848783 {\n  padding-top: 300px;\n  background-color: rgba(255, 255, 255, 0);\n}\n#banner-1285848783 .bg {\n  object-position: 51% 96%;\n}\n@media (min-width:550px) {\n  #banner-1285848783 {\n    padding-top: 500px;\n  }\n}\n@media (min-width:850px) {\n  #banner-1285848783 {\n    padding-top: 600px;\n  }\n}\n<\/style>\n  <\/div>\n\n\n\n\t\t<\/div>\n\t\t\t\t\t<\/div>\n\n\t\n\n\t<div id=\"col-843947654\" class=\"col medium-12 large-6\"  >\n\t\t\t\t<div class=\"col-inner\"  >\n\t\t\t\n\t\t\t\n\n\t<div id=\"gap-1013525101\" class=\"gap-element clearfix\" style=\"display:block; height:auto;\">\n\t\t\n<style>\n#gap-1013525101 {\n  padding-top: 30px;\n}\n<\/style>\n\t<\/div>\n\t\n\n\t<div id=\"text-1466664379\" class=\"text\">\n\t\t\n\n<h3>Notre mission<\/h3>\n\n\t\t\n<style>\n#text-1466664379 {\n  font-size: 2rem;\n  line-height: 1;\n}\n<\/style>\n\t<\/div>\n\t\n<p><strong>Votre partenaire de confiance pour une croissance strat\u00e9gique et un d\u00e9veloppement durable.<\/strong><\/p>\n<p>Nous sommes impatients de travailler en partenariat avec vous pour exploiter le vaste potentiel de l'Alg\u00e9rie. Laissez-nous vous aider \u00e0 naviguer dans les complexit\u00e9s du march\u00e9 et \u00e0 r\u00e9aliser des investissements significatifs et durables pour l'avenir.<\/p>\n\n\n\t\t<\/div>\n\t\t\t\t\n<style>\n#col-843947654 > .col-inner {\n  padding: 20px 20px 20px 20px;\n}\n@media (min-width:550px) {\n  #col-843947654 > .col-inner {\n    padding: 30px 50px 40px 50px;\n  }\n}\n@media (min-width:850px) {\n  #col-843947654 > .col-inner {\n    padding: 0px 20% 0px 15%;\n  }\n}\n<\/style>\n\t<\/div>\n\n\t\n\n<\/div>\n\n\t\t<\/div>\n\n\t\t\n<style>\n#section_1390833104 {\n  padding-top: 0px;\n  padding-bottom: 0px;\n}\n<\/style>\n\t<\/section>","protected":false},"excerpt":{"rendered":"","protected":false},"author":2,"featured_media":0,"parent":0,"menu_order":0,"comment_status":"closed","ping_status":"closed","template":"page-blank.php","meta":{"footnotes":""},"class_list":["post-12","page","type-page","status-publish","hentry"],"_links":{"self":[{"href":"https:\/\/nexameridian.com\/fr\/wp-json\/wp\/v2\/pages\/12","targetHints":{"allow":["GET"]}}],"collection":[{"href":"https:\/\/nexameridian.com\/fr\/wp-json\/wp\/v2\/pages"}],"about":[{"href":"https:\/\/nexameridian.com\/fr\/wp-json\/wp\/v2\/types\/page"}],"author":[{"embeddable":true,"href":"https:\/\/nexameridian.com\/fr\/wp-json\/wp\/v2\/users\/2"}],"replies":[{"embeddable":true,"href":"https:\/\/nexameridian.com\/fr\/wp-json\/wp\/v2\/comments?post=12"}],"version-history":[{"count":8,"href":"https:\/\/nexameridian.com\/fr\/wp-json\/wp\/v2\/pages\/12\/revisions"}],"predecessor-version":[{"id":568,"href":"https:\/\/nexameridian.com\/fr\/wp-json\/wp\/v2\/pages\/12\/revisions\/568"}],"wp:attachment":[{"href":"https:\/\/nexameridian.com\/fr\/wp-json\/wp\/v2\/media?parent=12"}],"curies":[{"name":"wp","href":"https:\/\/api.w.org\/{rel}","templated":true}]}}