{"id":689,"date":"2025-02-18T17:26:09","date_gmt":"2025-02-18T17:26:09","guid":{"rendered":"https:\/\/nexameridian.com\/?page_id=689"},"modified":"2025-02-19T09:58:08","modified_gmt":"2025-02-19T09:58:08","slug":"articles-and-news","status":"publish","type":"page","link":"https:\/\/nexameridian.com\/fr\/articles-and-news\/","title":{"rendered":"Articles et nouvelles"},"content":{"rendered":"<div class=\"row large-columns-2 medium-columns-1 small-columns-1\" >\n  <div class=\"col post-item\" >\n\t\t\t<div class=\"col-inner\">\n\t\t\t\t<div class=\"box box-default box-text-bottom box-blog-post has-hover\">\n            \t\t\t\t\t<div class=\"box-image\" >\n  \t\t\t\t\t\t<div class=\"image-cover\" style=\"padding-top:56%;\">\n\t\t\t\t\t\t\t<a href=\"https:\/\/nexameridian.com\/fr\/tourism-in-algeria-statistics-facts\/\" class=\"plain\" aria-label=\"Tourism in Algeria &#8211; statistics &amp; facts\">\n\t\t\t\t\t\t\t\t<img loading=\"lazy\" decoding=\"async\" width=\"1000\" height=\"668\" src=\"https:\/\/nexameridian.com\/wp-content\/uploads\/2025\/02\/1000_F_486287828_MJIuY9L10n0MQACcDLxyQGgcRwjaHvvz.jpg\" class=\"attachment-original size-original wp-post-image\" alt=\"\" srcset=\"https:\/\/nexameridian.com\/wp-content\/uploads\/2025\/02\/1000_F_486287828_MJIuY9L10n0MQACcDLxyQGgcRwjaHvvz.jpg 1000w, https:\/\/nexameridian.com\/wp-content\/uploads\/2025\/02\/1000_F_486287828_MJIuY9L10n0MQACcDLxyQGgcRwjaHvvz-300x200.jpg 300w, https:\/\/nexameridian.com\/wp-content\/uploads\/2025\/02\/1000_F_486287828_MJIuY9L10n0MQACcDLxyQGgcRwjaHvvz-768x513.jpg 768w, https:\/\/nexameridian.com\/wp-content\/uploads\/2025\/02\/1000_F_486287828_MJIuY9L10n0MQACcDLxyQGgcRwjaHvvz-18x12.jpg 18w\" sizes=\"auto, (max-width: 1000px) 100vw, 1000px\" \/>\t\t\t\t\t\t\t<\/a>\n  \t\t\t\t\t\t\t  \t\t\t\t\t\t\t  \t\t\t\t\t\t<\/div>\n  \t\t\t\t\t\t  \t\t\t\t\t<\/div>\n          \t\t\t\t\t<div class=\"box-text text-center\" >\n\t\t\t\t\t<div class=\"box-text-inner blog-post-inner\">\n\n\t\t\t\t\t\n\t\t\t\t\t\t\t\t\t\t\t<p class=\"cat-label tag-label is-xxsmall op-7 uppercase\">\n\t\t\t\t\tTourisme \t\t\t\t\t<\/p>\n\t\t\t\t\t\t\t\t\t\t<h5 class=\"post-title is-larger\">\n\t\t\t\t\t\t<a href=\"https:\/\/nexameridian.com\/fr\/tourism-in-algeria-statistics-facts\/\" class=\"plain\">Tourisme en Alg\u00e9rie - statistiques et faits<\/a>\n\t\t\t\t\t<\/h5>\n\t\t\t\t\t\t\t\t\t\t<div class=\"is-divider\"><\/div>\n\t\t\t\t\t\t\t\t\t\t<p class=\"from_the_blog_excerpt\">\n\t\t\t\t\t\tL'Alg\u00e9rie offre une grande vari\u00e9t\u00e9 d'attractions touristiques, notamment des sites patrimoniaux, les paysages impressionnants du d\u00e9sert du Sahara et des montagnes de l'Atlas, et des destinations baln\u00e9aires relaxantes sur la mer M\u00e9diterran\u00e9e. Visiter [...]\t\t\t\t\t<\/p>\n\t\t\t\t\t                    \n\t\t\t\t\t\n\t\t\t\t\t\n\t\t\t\t\t<\/div>\n\t\t\t\t\t<\/div>\n\t\t\t\t\t\t\t\t\t<\/div>\n\t\t\t<\/div>\n\t\t<\/div><div class=\"col post-item\" >\n\t\t\t<div class=\"col-inner\">\n\t\t\t\t<div class=\"box box-default box-text-bottom box-blog-post has-hover\">\n            \t\t\t\t\t<div class=\"box-image\" >\n  \t\t\t\t\t\t<div class=\"image-cover\" style=\"padding-top:56%;\">\n\t\t\t\t\t\t\t<a href=\"https:\/\/nexameridian.com\/fr\/as-algeria-opens-its-doors-to-more-visitors-its-tourism-sector-is-rapidly-expanding-to-host-them\/\" class=\"plain\" aria-label=\"Alors que l&#039;Alg\u00e9rie ouvre ses portes \u00e0 un plus grand nombre de visiteurs, son secteur touristique se d\u00e9veloppe rapidement pour les accueillir.\">\n\t\t\t\t\t\t\t\t<img loading=\"lazy\" decoding=\"async\" width=\"1080\" height=\"1920\" src=\"https:\/\/nexameridian.com\/wp-content\/uploads\/2025\/02\/5.webp\" class=\"attachment-original size-original wp-post-image\" alt=\"\" srcset=\"https:\/\/nexameridian.com\/wp-content\/uploads\/2025\/02\/5.webp 1080w, https:\/\/nexameridian.com\/wp-content\/uploads\/2025\/02\/5-169x300.webp 169w, https:\/\/nexameridian.com\/wp-content\/uploads\/2025\/02\/5-576x1024.webp 576w, https:\/\/nexameridian.com\/wp-content\/uploads\/2025\/02\/5-768x1365.webp 768w, https:\/\/nexameridian.com\/wp-content\/uploads\/2025\/02\/5-864x1536.webp 864w, https:\/\/nexameridian.com\/wp-content\/uploads\/2025\/02\/5-7x12.webp 7w\" sizes=\"auto, (max-width: 1080px) 100vw, 1080px\" \/>\t\t\t\t\t\t\t<\/a>\n  \t\t\t\t\t\t\t  \t\t\t\t\t\t\t  \t\t\t\t\t\t<\/div>\n  \t\t\t\t\t\t  \t\t\t\t\t<\/div>\n          \t\t\t\t\t<div class=\"box-text text-center\" >\n\t\t\t\t\t<div class=\"box-text-inner blog-post-inner\">\n\n\t\t\t\t\t\n\t\t\t\t\t\t\t\t\t\t\t<p class=\"cat-label tag-label is-xxsmall op-7 uppercase\">\n\t\t\t\t\tTourisme \t\t\t\t\t<\/p>\n\t\t\t\t\t\t\t\t\t\t<h5 class=\"post-title is-larger\">\n\t\t\t\t\t\t<a href=\"https:\/\/nexameridian.com\/fr\/as-algeria-opens-its-doors-to-more-visitors-its-tourism-sector-is-rapidly-expanding-to-host-them\/\" class=\"plain\">Alors que l'Alg\u00e9rie ouvre ses portes \u00e0 un plus grand nombre de visiteurs, son secteur touristique se d\u00e9veloppe rapidement pour les accueillir.<\/a>\n\t\t\t\t\t<\/h5>\n\t\t\t\t\t\t\t\t\t\t<div class=\"is-divider\"><\/div>\n\t\t\t\t\t\t\t\t\t\t<p class=\"from_the_blog_excerpt\">\n\t\t\t\t\t\tLe gouvernement alg\u00e9rien souhaite multiplier par cinq le nombre de visiteurs annuels dans le pays d'ici 2030. Nous examinons comment le secteur du tourisme est d\u00e9velopp\u00e9 pour attirer et [...]\t\t\t\t\t<\/p>\n\t\t\t\t\t                    \n\t\t\t\t\t\n\t\t\t\t\t\n\t\t\t\t\t<\/div>\n\t\t\t\t\t<\/div>\n\t\t\t\t\t\t\t\t\t<\/div>\n\t\t\t<\/div>\n\t\t<\/div><div class=\"col post-item\" >\n\t\t\t<div class=\"col-inner\">\n\t\t\t\t<div class=\"box box-default box-text-bottom box-blog-post has-hover\">\n            \t\t\t\t\t<div class=\"box-image\" >\n  \t\t\t\t\t\t<div class=\"image-cover\" style=\"padding-top:56%;\">\n\t\t\t\t\t\t\t<a href=\"https:\/\/nexameridian.com\/fr\/algeria-seeks-to-lure-tourists-to-neglected-cultural-scenic-glories\/\" class=\"plain\" aria-label=\"L&#039;Alg\u00e9rie cherche \u00e0 attirer les touristes vers des richesses culturelles et paysag\u00e8res n\u00e9glig\u00e9es\">\n\t\t\t\t\t\t\t\t<img loading=\"lazy\" decoding=\"async\" width=\"1920\" height=\"1279\" src=\"https:\/\/nexameridian.com\/wp-content\/uploads\/2025\/02\/3.webp\" class=\"attachment-original size-original wp-post-image\" alt=\"\" srcset=\"https:\/\/nexameridian.com\/wp-content\/uploads\/2025\/02\/3.webp 1920w, https:\/\/nexameridian.com\/wp-content\/uploads\/2025\/02\/3-300x200.webp 300w, https:\/\/nexameridian.com\/wp-content\/uploads\/2025\/02\/3-1024x682.webp 1024w, https:\/\/nexameridian.com\/wp-content\/uploads\/2025\/02\/3-768x512.webp 768w, https:\/\/nexameridian.com\/wp-content\/uploads\/2025\/02\/3-1536x1023.webp 1536w, https:\/\/nexameridian.com\/wp-content\/uploads\/2025\/02\/3-18x12.webp 18w\" sizes=\"auto, (max-width: 1920px) 100vw, 1920px\" \/>\t\t\t\t\t\t\t<\/a>\n  \t\t\t\t\t\t\t  \t\t\t\t\t\t\t  \t\t\t\t\t\t<\/div>\n  \t\t\t\t\t\t  \t\t\t\t\t<\/div>\n          \t\t\t\t\t<div class=\"box-text text-center\" >\n\t\t\t\t\t<div class=\"box-text-inner blog-post-inner\">\n\n\t\t\t\t\t\n\t\t\t\t\t\t\t\t\t\t\t<p class=\"cat-label tag-label is-xxsmall op-7 uppercase\">\n\t\t\t\t\tTourisme \t\t\t\t\t<\/p>\n\t\t\t\t\t\t\t\t\t\t<h5 class=\"post-title is-larger\">\n\t\t\t\t\t\t<a href=\"https:\/\/nexameridian.com\/fr\/algeria-seeks-to-lure-tourists-to-neglected-cultural-scenic-glories\/\" class=\"plain\">L'Alg\u00e9rie cherche \u00e0 attirer les touristes vers des richesses culturelles et paysag\u00e8res n\u00e9glig\u00e9es<\/a>\n\t\t\t\t\t<\/h5>\n\t\t\t\t\t\t\t\t\t\t<div class=\"is-divider\"><\/div>\n\t\t\t\t\t\t\t\t\t\t<p class=\"from_the_blog_excerpt\">\n\t\t\t\t\t\tORAN, Alg\u00e9rie, 3 juin (Reuters) - L'Alg\u00e9rie veut attirer davantage de visiteurs vers les tr\u00e9sors culturels et pittoresques du plus grand pays d'Afrique, en se d\u00e9barrassant de son statut d'arri\u00e9r\u00e9 touristique et en [...]\t\t\t\t\t<\/p>\n\t\t\t\t\t                    \n\t\t\t\t\t\n\t\t\t\t\t\n\t\t\t\t\t<\/div>\n\t\t\t\t\t<\/div>\n\t\t\t\t\t\t\t\t\t<\/div>\n\t\t\t<\/div>\n\t\t<\/div><div class=\"col post-item\" >\n\t\t\t<div class=\"col-inner\">\n\t\t\t\t<div class=\"box box-default box-text-bottom box-blog-post has-hover\">\n            \t\t\t\t\t<div class=\"box-image\" >\n  \t\t\t\t\t\t<div class=\"image-cover\" style=\"padding-top:56%;\">\n\t\t\t\t\t\t\t<a href=\"https:\/\/nexameridian.com\/fr\/algeria-launches-tender-process-for-1gw-of-solar\/\" class=\"plain\" aria-label=\"L&#039;Alg\u00e9rie lance un appel d&#039;offres pour 1GW d&#039;\u00e9nergie solaire\">\n\t\t\t\t\t\t\t\t<img loading=\"lazy\" decoding=\"async\" width=\"349\" height=\"349\" src=\"https:\/\/nexameridian.com\/wp-content\/uploads\/2025\/02\/PS20.jpg\" class=\"attachment-original size-original wp-post-image\" alt=\"\" srcset=\"https:\/\/nexameridian.com\/wp-content\/uploads\/2025\/02\/PS20.jpg 349w, https:\/\/nexameridian.com\/wp-content\/uploads\/2025\/02\/PS20-300x300.jpg 300w, https:\/\/nexameridian.com\/wp-content\/uploads\/2025\/02\/PS20-150x150.jpg 150w\" sizes=\"auto, (max-width: 349px) 100vw, 349px\" \/>\t\t\t\t\t\t\t<\/a>\n  \t\t\t\t\t\t\t  \t\t\t\t\t\t\t  \t\t\t\t\t\t<\/div>\n  \t\t\t\t\t\t  \t\t\t\t\t<\/div>\n          \t\t\t\t\t<div class=\"box-text text-center\" >\n\t\t\t\t\t<div class=\"box-text-inner blog-post-inner\">\n\n\t\t\t\t\t\n\t\t\t\t\t\t\t\t\t\t\t<p class=\"cat-label tag-label is-xxsmall op-7 uppercase\">\n\t\t\t\t\tL'\u00e9nergie \t\t\t\t\t<\/p>\n\t\t\t\t\t\t\t\t\t\t<h5 class=\"post-title is-larger\">\n\t\t\t\t\t\t<a href=\"https:\/\/nexameridian.com\/fr\/algeria-launches-tender-process-for-1gw-of-solar\/\" class=\"plain\">L'Alg\u00e9rie lance un appel d'offres pour 1GW d'\u00e9nergie solaire<\/a>\n\t\t\t\t\t<\/h5>\n\t\t\t\t\t\t\t\t\t\t<div class=\"is-divider\"><\/div>\n\t\t\t\t\t\t\t\t\t\t<p class=\"from_the_blog_excerpt\">\n\t\t\t\t\t\tL'Alg\u00e9rie a lanc\u00e9 un appel d'offres pour soutenir le d\u00e9ploiement de projets solaires photovolta\u00efques dans le pays avec une capacit\u00e9 totale de 1GW. Baptis\u00e9 \"Solar 1000 MW\", le programme [...]\t\t\t\t\t<\/p>\n\t\t\t\t\t                    \n\t\t\t\t\t\n\t\t\t\t\t\n\t\t\t\t\t<\/div>\n\t\t\t\t\t<\/div>\n\t\t\t\t\t\t\t\t\t<\/div>\n\t\t\t<\/div>\n\t\t<\/div><div class=\"col post-item\" >\n\t\t\t<div class=\"col-inner\">\n\t\t\t\t<div class=\"box box-default box-text-bottom box-blog-post has-hover\">\n            \t\t\t\t\t<div class=\"box-image\" >\n  \t\t\t\t\t\t<div class=\"image-cover\" style=\"padding-top:56%;\">\n\t\t\t\t\t\t\t<a href=\"https:\/\/nexameridian.com\/fr\/renewable-energy-and-energy-efficiency-development-plan-2011-2030\/\" class=\"plain\" aria-label=\"Plan de d\u00e9veloppement des \u00e9nergies renouvelables et de l&#039;efficacit\u00e9 \u00e9nerg\u00e9tique 2011-2030\">\n\t\t\t\t\t\t\t\t<img loading=\"lazy\" decoding=\"async\" width=\"1903\" height=\"911\" src=\"https:\/\/nexameridian.com\/wp-content\/uploads\/2025\/02\/11062b_fbe7d3486d534d0590631479a4d47503mv2.avif\" class=\"attachment-original size-original wp-post-image\" alt=\"\" srcset=\"https:\/\/nexameridian.com\/wp-content\/uploads\/2025\/02\/11062b_fbe7d3486d534d0590631479a4d47503mv2.avif 1903w, https:\/\/nexameridian.com\/wp-content\/uploads\/2025\/02\/11062b_fbe7d3486d534d0590631479a4d47503mv2-300x144.jpg 300w, https:\/\/nexameridian.com\/wp-content\/uploads\/2025\/02\/11062b_fbe7d3486d534d0590631479a4d47503mv2-1024x490.jpg 1024w, https:\/\/nexameridian.com\/wp-content\/uploads\/2025\/02\/11062b_fbe7d3486d534d0590631479a4d47503mv2-768x368.jpg 768w, https:\/\/nexameridian.com\/wp-content\/uploads\/2025\/02\/11062b_fbe7d3486d534d0590631479a4d47503mv2-1536x735.jpg 1536w\" sizes=\"auto, (max-width: 1903px) 100vw, 1903px\" \/>\t\t\t\t\t\t\t<\/a>\n  \t\t\t\t\t\t\t  \t\t\t\t\t\t\t  \t\t\t\t\t\t<\/div>\n  \t\t\t\t\t\t  \t\t\t\t\t<\/div>\n          \t\t\t\t\t<div class=\"box-text text-center\" >\n\t\t\t\t\t<div class=\"box-text-inner blog-post-inner\">\n\n\t\t\t\t\t\n\t\t\t\t\t\t\t\t\t\t\t<p class=\"cat-label tag-label is-xxsmall op-7 uppercase\">\n\t\t\t\t\tL'\u00e9nergie \t\t\t\t\t<\/p>\n\t\t\t\t\t\t\t\t\t\t<h5 class=\"post-title is-larger\">\n\t\t\t\t\t\t<a href=\"https:\/\/nexameridian.com\/fr\/renewable-energy-and-energy-efficiency-development-plan-2011-2030\/\" class=\"plain\">Plan de d\u00e9veloppement des \u00e9nergies renouvelables et de l'efficacit\u00e9 \u00e9nerg\u00e9tique 2011-2030<\/a>\n\t\t\t\t\t<\/h5>\n\t\t\t\t\t\t\t\t\t\t<div class=\"is-divider\"><\/div>\n\t\t\t\t\t\t\t\t\t\t<p class=\"from_the_blog_excerpt\">\n\t\t\t\t\t\tEx\u00e9cutifL'objectif principal du Plan alg\u00e9rien de d\u00e9veloppement des \u00e9nergies renouvelables et de l'efficacit\u00e9 \u00e9nerg\u00e9tique est de d\u00e9velopper l'utilisation des \u00e9nergies renouvelables et de diversifier les sources d'\u00e9nergie dans le pays.Objectifs:Installer 22 000 [...]\t\t\t\t\t<\/p>\n\t\t\t\t\t                    \n\t\t\t\t\t\n\t\t\t\t\t\n\t\t\t\t\t<\/div>\n\t\t\t\t\t<\/div>\n\t\t\t\t\t\t\t\t\t<\/div>\n\t\t\t<\/div>\n\t\t<\/div><\/div>","protected":false},"excerpt":{"rendered":"","protected":false},"author":2,"featured_media":0,"parent":0,"menu_order":0,"comment_status":"closed","ping_status":"closed","template":"","meta":{"footnotes":""},"class_list":["post-689","page","type-page","status-publish","hentry"],"_links":{"self":[{"href":"https:\/\/nexameridian.com\/fr\/wp-json\/wp\/v2\/pages\/689","targetHints":{"allow":["GET"]}}],"collection":[{"href":"https:\/\/nexameridian.com\/fr\/wp-json\/wp\/v2\/pages"}],"about":[{"href":"https:\/\/nexameridian.com\/fr\/wp-json\/wp\/v2\/types\/page"}],"author":[{"embeddable":true,"href":"https:\/\/nexameridian.com\/fr\/wp-json\/wp\/v2\/users\/2"}],"replies":[{"embeddable":true,"href":"https:\/\/nexameridian.com\/fr\/wp-json\/wp\/v2\/comments?post=689"}],"version-history":[{"count":6,"href":"https:\/\/nexameridian.com\/fr\/wp-json\/wp\/v2\/pages\/689\/revisions"}],"predecessor-version":[{"id":709,"href":"https:\/\/nexameridian.com\/fr\/wp-json\/wp\/v2\/pages\/689\/revisions\/709"}],"wp:attachment":[{"href":"https:\/\/nexameridian.com\/fr\/wp-json\/wp\/v2\/media?parent=689"}],"curies":[{"name":"wp","href":"https:\/\/api.w.org\/{rel}","templated":true}]}}